{"id":3,"date":"2022-05-26T17:36:00","date_gmt":"2022-05-26T17:36:00","guid":{"rendered":"https:\/\/bonassi.do\/?page_id=3"},"modified":"2023-08-26T17:08:44","modified_gmt":"2023-08-26T23:08:44","slug":"privacy-policy","status":"publish","type":"page","link":"https:\/\/bonassi.do\/en\/privacy-policy\/","title":{"rendered":"Privacy Policy"},"content":{"rendered":"<div data-elementor-type=\"wp-page\" data-elementor-id=\"3\" class=\"elementor elementor-3\" data-elementor-post-type=\"page\">\n\t\t\t\t\t\t<section class=\"elementor-section elementor-top-section elementor-element elementor-element-5331036c elementor-section-boxed elementor-section-height-default elementor-section-height-default\" data-id=\"5331036c\" data-element_type=\"section\" data-e-type=\"section\">\n\t\t\t\t\t\t<div class=\"elementor-container elementor-column-gap-default\">\n\t\t\t\t\t<div class=\"elementor-column elementor-col-100 elementor-top-column elementor-element elementor-element-51bc9187\" data-id=\"51bc9187\" data-element_type=\"column\" data-e-type=\"column\">\n\t\t\t<div class=\"elementor-widget-wrap\">\n\t\t\t\t\t\t\t<\/div>\n\t\t<\/div>\n\t\t\t\t\t<\/div>\n\t\t<\/section>\n\t\t\t\t<section class=\"elementor-section elementor-top-section elementor-element elementor-element-c211b33 elementor-section-full_width elementor-section-height-default elementor-section-height-default\" data-id=\"c211b33\" data-element_type=\"section\" data-e-type=\"section\">\n\t\t\t\t\t\t<div class=\"elementor-container elementor-column-gap-default\">\n\t\t\t\t\t<div class=\"elementor-column elementor-col-33 elementor-top-column elementor-element elementor-element-d89635f\" data-id=\"d89635f\" data-element_type=\"column\" data-e-type=\"column\">\n\t\t\t<div class=\"elementor-widget-wrap\">\n\t\t\t\t\t\t\t<\/div>\n\t\t<\/div>\n\t\t\t\t<div class=\"elementor-column elementor-col-33 elementor-top-column elementor-element elementor-element-147be41\" data-id=\"147be41\" data-element_type=\"column\" data-e-type=\"column\">\n\t\t\t<div class=\"elementor-widget-wrap elementor-element-populated\">\n\t\t\t\t\t\t<div class=\"elementor-element elementor-element-2b352dc elementor-tabs-view-vertical elementor-widget elementor-widget-tabs\" data-id=\"2b352dc\" data-element_type=\"widget\" data-e-type=\"widget\" data-widget_type=\"tabs.default\">\n\t\t\t\t\t\t\t<div class=\"elementor-tabs\">\n\t\t\t<div class=\"elementor-tabs-wrapper\" role=\"tablist\" >\n\t\t\t\t\t\t\t\t\t<div id=\"elementor-tab-title-4531\" class=\"elementor-tab-title elementor-tab-desktop-title\" aria-selected=\"true\" data-tab=\"1\" role=\"tab\" tabindex=\"0\" aria-controls=\"elementor-tab-content-4531\" aria-expanded=\"false\">Uso de datos personales<\/div>\n\t\t\t\t\t\t\t\t\t<div id=\"elementor-tab-title-4532\" class=\"elementor-tab-title elementor-tab-desktop-title\" aria-selected=\"false\" data-tab=\"2\" role=\"tab\" tabindex=\"-1\" aria-controls=\"elementor-tab-content-4532\" aria-expanded=\"false\">Uso de cookies, web beacons y JavaScript<\/div>\n\t\t\t\t\t\t\t<\/div>\n\t\t\t<div class=\"elementor-tabs-content-wrapper\" role=\"tablist\" aria-orientation=\"vertical\">\n\t\t\t\t\t\t\t\t\t<div class=\"elementor-tab-title elementor-tab-mobile-title\" aria-selected=\"true\" data-tab=\"1\" role=\"tab\" tabindex=\"0\" aria-controls=\"elementor-tab-content-4531\" aria-expanded=\"false\">Uso de datos personales<\/div>\n\t\t\t\t\t<div id=\"elementor-tab-content-4531\" class=\"elementor-tab-content elementor-clearfix\" data-tab=\"1\" role=\"tabpanel\" aria-labelledby=\"elementor-tab-title-4531\" tabindex=\"0\" hidden=\"false\"><h6>Aviso de Privacidad<\/h6>\n<p><span style=\"font-weight: 400;\">El tratamiento leg\u00edtimo, controlado e informado de sus datos personales es de vital importancia para alcanzar los objetivos de nuestra empresa, a trav\u00e9s de todas las \u00e1reas del negocio y reiterar nuestro compromiso con su privacidad y el derecho a la autodeterminaci\u00f3n informativa.<\/span><\/p>\n<p><span style=\"font-weight: 400;\">El presente Aviso de Privacidad tiene como objeto informarle sobre el tratamiento que se les dar\u00e1 a sus datos personales cuando los mismos son recabados, utilizados, almacenados, transmitidos y\/o transferidos por Punto Sub S. de R. L. de C. V. y\/o Punto Sub\/Bonassi. Lo anterior, en cumplimiento a lo establecido en la Ley Federal de Protecci\u00f3n de Datos Personales en Posesi\u00f3n de los Particulares, que usted nos brinda. As\u00ed mismo se describe que datos personales son y que opciones tiene para limitar el uso de dichos datos, as\u00ed como el procedimiento para ejercer sus derechos ARCO (Acceso, Rectificaci\u00f3n, Cancelaci\u00f3n y Oposici\u00f3n).<\/span><\/p>\n<p><span style=\"font-weight: 400;\">Se hace de su conocimiento que sus datos personales ser\u00e1n tratados y resguardados con base en los principios licitud, calidad, consentimiento, informaci\u00f3n, finalidad, lealtad, proporcionalidad, y responsabilidad consagrados en la Ley.<\/span><\/p>\n<p><span style=\"font-weight: 400;\">Nuestra empresa recaba y da tratamiento a sus datos personales de manera l\u00edcita, siempre y cuando usted no manifieste objeci\u00f3n alguna en el momento que nos proporciona sus datos personales directamente o manifestar su oposici\u00f3n con solo expresarlo por este medio o enviarnos en escrito libre que exprese su deseo de revocarnos en cualquier momento su consentimiento.<\/span><\/p>\n<h6>Responsable de la protecci\u00f3n de sus datos personales:<\/h6>\n<ul>\n<li style=\"font-weight: 400;\" aria-level=\"1\"><span style=\"font-weight: 400;\">Punto Sub S. de R. L. de C. V., con domicilio en Calle: Carretera Federal Chetumal &#8211; Pto. Ju\u00e1rez No. Km 299+500 Int. Bodega 4, Col. Centro, CP: 77710, Solidaridad, Quintana Roo, M\u00e9xico.<\/span><\/li>\n<li style=\"font-weight: 400;\" aria-level=\"1\"><span style=\"font-weight: 400;\">Nuestro Departamento de Protecci\u00f3n de Datos<\/span><\/li>\n<\/ul>\n<p><span style=\"font-weight: 400;\">Jefe del Departamento: Departamento de Protecci\u00f3n de Datos Personales<\/span><\/p>\n<p><span style=\"font-weight: 400;\">Domicilio: Calle: Carretera Federal Chetumal &#8211; Pto. Ju\u00e1rez No. Km 299+500 Int. Bodega 4, Col. Centro, CP: 77710, Solidaridad, Quintana Roo, M\u00e9xico<\/span><\/p>\n<p><span style=\"font-weight: 400;\">Correo electr\u00f3nico: <\/span><a href=\"about:blank\"><span style=\"font-weight: 400;\">info@puntosub.com.mx<\/span><\/a><\/p>\n<p><span style=\"font-weight: 400;\">Tel\u00e9fono: 984 6886946<\/span><\/p>\n<h6>\u00bfPara qu\u00e9 fines recabamos y utilizamos sus datos personales?<\/h6>\n<p><span style=\"font-weight: 400;\">Recopilamos sus datos personales y datos personales sensibles, por lo que solicitamos su consentimiento a trav\u00e9s de este Aviso de Privacidad, con el objeto de utilizarlo para cumplir con las obligaciones derivadas de la relaci\u00f3n comercial y\/o profesional que con Usted se establezca.<\/span><\/p>\n<p>\u00a0<\/p>\n<h6>Sus datos personales ser\u00e1n utilizados para las siguientes finalidades:<\/h6>\n<ul>\n<li style=\"font-weight: 400;\" aria-level=\"1\"><span style=\"font-weight: 400;\">Proveer los productos solicitados.<\/span><\/li>\n<li style=\"font-weight: 400;\" aria-level=\"1\"><span style=\"font-weight: 400;\">Proveer los servicios solicitados y\/o contratados.<\/span><\/li>\n<li style=\"font-weight: 400;\" aria-level=\"1\"><span style=\"font-weight: 400;\">Responder a sus requerimientos de informaci\u00f3n, atenci\u00f3n y servicio.<\/span><\/li>\n<li style=\"font-weight: 400;\" aria-level=\"1\"><span style=\"font-weight: 400;\">Archivo de registros y expediente de la relaci\u00f3n contractual y para seguimiento de servicios futuros.<\/span><\/li>\n<li style=\"font-weight: 400;\" aria-level=\"1\"><span style=\"font-weight: 400;\">Gesti\u00f3n financiera, facturaci\u00f3n y cobro.<\/span><\/li>\n<li style=\"font-weight: 400;\" aria-level=\"1\"><span style=\"font-weight: 400;\">Dar cumplimiento a las obligaciones y compromisos que hemos contra\u00eddo con usted.<\/span><\/li>\n<\/ul>\n<p><span style=\"font-weight: 400;\">Se podr\u00e1 hacer uso de sus datos personales para otras finalidades, siempre y cuando dichas finalidades sean compatibles y puedan considerarse an\u00e1logas a las anteriores.<\/span><\/p>\n<h6>\u00bfC\u00f3mo y qu\u00e9 datos personales obtenemos?<\/h6>\n<p><span style=\"font-weight: 400;\">Para las finalidades se\u00f1aladas anteriormente podemos recabar sus datos personales de distintas formas:<\/span><\/p>\n<ul>\n<li style=\"font-weight: 400;\" aria-level=\"1\"><span style=\"font-weight: 400;\">Cuando visita nuestro sitio de Internet o utiliza nuestros servicios en l\u00ednea.<\/span><\/li>\n<li style=\"font-weight: 400;\" aria-level=\"1\"><span style=\"font-weight: 400;\">Por v\u00eda telef\u00f3nica tel\u00e9fono, correo electr\u00f3nico o fax.<\/span><\/li>\n<li style=\"font-weight: 400;\" aria-level=\"1\"><span style=\"font-weight: 400;\">En forma directa y personal, por escrito o verbal.<\/span><\/li>\n<li style=\"font-weight: 400;\" aria-level=\"1\"><span style=\"font-weight: 400;\">A trav\u00e9s de otras fuentes de acceso p\u00fablico que est\u00e1n permitidas por la ley, como los son: (Directorios telef\u00f3nicos o laborales, sitios web, etc.<\/span><\/li>\n<\/ul>\n<h6>Datos personales que recabamos:<\/h6>\n<ul>\n<li style=\"font-weight: 400;\" aria-level=\"1\"><span style=\"font-weight: 400;\">Informaci\u00f3n de contacto (Nombre, Email, Direcci\u00f3n, Tel\u00e9fono, Celular, Fax) Documentaci\u00f3n de identidad (Credencial de Elector, Pasaporte, Licencia de Manejo, Cartilla o C\u00e9dula Profesional, Fecha de nacimiento, Nacionalidad, N\u00famero de Seguridad Social, CURP.)\u00a0<\/span><\/li>\n<li style=\"font-weight: 400;\" aria-level=\"1\"><span style=\"font-weight: 400;\">Informaci\u00f3n financiera y medios de pago (Tarjeta de cr\u00e9dito, d\u00e9bito, cheques) Informaci\u00f3n Fiscal (RFC, Direcci\u00f3n de Facturaci\u00f3n)<\/span><\/li>\n<li style=\"font-weight: 400;\" aria-level=\"1\"><span style=\"font-weight: 400;\">Informaci\u00f3n laboral (Empresa, Puesto, Actividad desarrollada, Curriculum Vitae)<\/span><\/li>\n<\/ul>\n<p>\u00a0<\/p>\n<h6>\u00bfC\u00f3mo acceder, rectificar, cancelar u oponerse al uso y tratamiento de sus datos personales (Derechos ARCO) o revocar su consentimiento para el tratamiento sus datos?<\/h6>\n<p><span style=\"font-weight: 400;\">Usted tiene derecho constitucional de estar informado de la existencia y caracter\u00edsticas principales del tratamiento y uso a que ser\u00e1n sometidos sus datos personales, as\u00ed como a Rectificarlos y corregirlos en caso de ser inexactos o incompletos; Cancelarlos y eliminarlos cuando considere que no se requieren para alguna de las finalidades se\u00f1alados en el presente aviso de privacidad, o que est\u00e9n siendo utilizados para finalidades no autorizadas por usted o haya finalizado la relaci\u00f3n comercial, contractual o de servicio, o bien, Oponerse al tratamiento de los mismos para fines espec\u00edficos.<\/span><\/p>\n<p><span style=\"font-weight: 400;\">Los mecanismos implementados para el ejercicio de sus Derechos ARCO, as\u00ed como los plazos, informaci\u00f3n y documentaci\u00f3n que debe contener su solicitud deben solicitarse al correo: info@puntosub.com.mx<\/span><\/p>\n<h6>\u00bfC\u00f3mo revocar el consentimiento para el tratamiento de sus datos personales?<\/h6>\n<p><span style=\"font-weight: 400;\">Si usted desea revocar el consentimiento que nos otorg\u00f3 para el uso de sus datos personales, env\u00ede su solicitud a nuestro Departamento de Protecci\u00f3n de Datos Personales, en donde le informaremos de los mecanismos implementados para ello.<\/span><\/p>\n<h6>Transferencia de datos personales<\/h6>\n<p><span style=\"font-weight: 400;\">Sus datos personales no ser\u00e1n transferidos a terceras personas o empresas. Para cumplir con las finalidades establecidas en este Aviso de Privacidad, podr\u00e1n ser \u00fanicamente remitidos a personas o empresas que tengan una relaci\u00f3n con nuestra empresa y que se justifique dicha transferencia, y que esta no sea contraria a la Ley.<\/span><\/p>\n<p><span style=\"font-weight: 400;\">Se asegurar\u00e1 a trav\u00e9s de la firma de convenios y\/o la adopci\u00f3n de otros documentos vinculantes, que dichos terceros mantengan medidas de seguridad, administrativas, t\u00e9cnicas y f\u00edsicas adecuadas para resguardar sus datos personales, as\u00ed como que dichos terceros \u00fanicamente utilicen sus datos personales para las finalidades para los cuales fueron recabados y de conformidad con el presente Aviso de Privacidad.<\/span><\/p>\n<p><span style=\"font-weight: 400;\">Asimismo, se podr\u00e1 transferir sus datos personales a terceros, nacionales o extranjeros, cuando dicha comunicaci\u00f3n de datos est\u00e9 prevista en una Ley o Tratado, o bien, cuando sea requerido por resoluci\u00f3n de autoridad competente. No obstante, lo anterior, no ceder\u00e1, vender\u00e1 o transferir\u00e1 sus datos personales a terceros no relacionados con Punto Sub S. de R. L. de C. V., salvo en los casos antes citados y los previstos en la Ley, sin su consentimiento previo.<\/span><\/p>\n<h6>Modificaciones al aviso de privacidad<\/h6>\n<p><span style=\"font-weight: 400;\">Nos reservamos el derecho de efectuar en cualquier momento modificaciones o actualizaciones al presente Aviso de Privacidad, para la atenci\u00f3n de novedades legislativas, pol\u00edticas internas o nuevos requerimientos para la prestaci\u00f3n u ofrecimiento de nuestros servicios o productos. En el caso de realizar alguna modificaci\u00f3n que no sea contraria a Ley, \u00e9stas estar\u00e1n disponibles al p\u00fablico en la direcci\u00f3n web: bonassi.mx<\/span><span style=\"font-weight: 400;\">.<\/span><\/p>\n<h6>Seguridad de sus datos personales<\/h6>\n<p><span style=\"font-weight: 400;\">Punto Sub S. de R. L. de C. V., implementar\u00e1 las medidas de seguridad, t\u00e9cnicas, administrativas y f\u00edsicas, necesarias para procurar la integridad de sus datos personales y evitar su da\u00f1o, p\u00e9rdida, alteraci\u00f3n, destrucci\u00f3n o el uso, acceso o tratamiento no autorizado.<\/span><\/p>\n<p><span style=\"font-weight: 400;\">\u00danicamente el personal autorizado, que ha cumplido y observado los correspondientes requisitos de confidencialidad, podr\u00e1 participar en el tratamiento de sus datos personales. El personal autorizado tiene prohibido permitir el acceso de personas no autorizadas y utilizar sus datos personales para fines distintos a los establecidos en el presente Aviso de Privacidad. La obligaci\u00f3n de confidencialidad de las personas que participan en el tratamiento de sus datos personales subsiste aun despu\u00e9s de terminada la relaci\u00f3n con Punto Sub S. de R. L. de C. V.<\/span><\/p><\/div>\n\t\t\t\t\t\t\t\t\t<div class=\"elementor-tab-title elementor-tab-mobile-title\" aria-selected=\"false\" data-tab=\"2\" role=\"tab\" tabindex=\"-1\" aria-controls=\"elementor-tab-content-4532\" aria-expanded=\"false\">Uso de cookies, web beacons y JavaScript<\/div>\n\t\t\t\t\t<div id=\"elementor-tab-content-4532\" class=\"elementor-tab-content elementor-clearfix\" data-tab=\"2\" role=\"tabpanel\" aria-labelledby=\"elementor-tab-title-4532\" tabindex=\"0\" hidden=\"hidden\"><p>Las cookies son una peque\u00f1a pieza de informaci\u00f3n enviada autom\u00e1ticamente por nuestro sitio web, las cuales son almacenadas en su navegador. De esta manera el sitio web puede consultar dicha informaci\u00f3n para conocer la actividad previa del usuario y agilizar algunos procedimientos como mantener la sesi\u00f3n o identificar que secciones del sitio ya visit\u00f3.<\/p>\n<p>Las webs beacons en conjunto con los JavaScripts de m\u00e9tricas web permiten almacenar informaci\u00f3n sobre los patrones de uso de nuestro sitio web. Le informamos que utilizamos esas herramientas para obtener informaci\u00f3n estad\u00edstica como la siguiente:<\/p>\n<p>Tipo de navegador y sistema operativo, las p\u00e1ginas de Internet consultadas, origen de la visita, la direcci\u00f3n IP de acceso, tiempo de permanencia en nuestro sitio, entre otros datos estad\u00edsticos.<\/p>\n<p>Las cookies, el JavaScript y otras tecnolog\u00edas de seguimiento y rastreo pueden ser deshabilitadas, sin embargo, desactivarlas puede generar que el sitio web o algunas de sus funcionalidades no se desempe\u00f1en adecuadamente.<\/p>\n<p>\u00bfAnte quien puede presentar Usted sus quejas y denuncias por el uso y tratamiento indebido de sus datos personales?<\/p>\n<p>Si despu\u00e9s de haber ejercido sus Derechos ARCO ante PUNTO SUB S. de R.L. de C.V., por medio de los mecanismos establecidos en este Aviso de Privacidad, usted considera que la respuesta ha sido insatisfactoria o incompleta; o presume que su derecho de protecci\u00f3n de datos personales ha sido lesionado por alguna conducta o acci\u00f3n de nuestra parte; o cuenta con evidencia de que en el tratamiento de sus datos personales existe alguna violaci\u00f3n a las disposiciones previstas en la Ley Federal de Protecci\u00f3n de Datos Personales en Posesi\u00f3n de los Particulares, podr\u00e1 interponer la queja o denuncia correspondiente ante el IFAI. Para mayor informaci\u00f3n visite: www.ifai.org.mx<\/p><\/div>\n\t\t\t\t\t\t\t<\/div>\n\t\t<\/div>\n\t\t\t\t\t\t<\/div>\n\t\t\t\t\t<\/div>\n\t\t<\/div>\n\t\t\t\t<div class=\"elementor-column elementor-col-33 elementor-top-column elementor-element elementor-element-de6199c\" data-id=\"de6199c\" data-element_type=\"column\" data-e-type=\"column\">\n\t\t\t<div class=\"elementor-widget-wrap\">\n\t\t\t\t\t\t\t<\/div>\n\t\t<\/div>\n\t\t\t\t\t<\/div>\n\t\t<\/section>\n\t\t\t\t<\/div>","protected":false},"excerpt":{"rendered":"<p>Uso de datos personales Uso de cookies, web beacons y JavaScript Uso de datos personales Aviso de Privacidad El tratamiento leg\u00edtimo, controlado e informado de sus datos personales es de vital importancia para alcanzar los objetivos de nuestra empresa, a trav\u00e9s de todas las \u00e1reas del negocio y reiterar nuestro compromiso con su privacidad y [&hellip;]<\/p>\n","protected":false},"author":1,"featured_media":0,"parent":0,"menu_order":0,"comment_status":"closed","ping_status":"open","template":"","meta":{"footnotes":""},"class_list":["post-3","page","type-page","status-publish","hentry"],"yoast_head":"<!-- This site is optimized with the Yoast SEO plugin v27.3 - https:\/\/yoast.com\/product\/yoast-seo-wordpress\/ -->\n<title>Pol\u00edtica de Privacidad | Bonassi DO<\/title>\n<meta name=\"description\" content=\"Tu privacidad es importante para nosotros. Descubre como usamos y protegemos tu informaci\u00f3n personal en Bonassi DO | | Vive la #UnderwaterRevolution\" \/>\n<meta name=\"robots\" content=\"index, follow, max-snippet:-1, max-image-preview:large, max-video-preview:-1\" \/>\n<link rel=\"canonical\" href=\"https:\/\/bonassi.do\/en\/privacy-policy\/\" \/>\n<meta property=\"og:locale\" content=\"en_US\" \/>\n<meta property=\"og:type\" content=\"article\" \/>\n<meta property=\"og:title\" content=\"Pol\u00edtica de Privacidad | Bonassi DO\" \/>\n<meta property=\"og:description\" content=\"Tu privacidad es importante para nosotros. Descubre como usamos y protegemos tu informaci\u00f3n personal en Bonassi DO | | Vive la #UnderwaterRevolution\" \/>\n<meta property=\"og:url\" content=\"https:\/\/bonassi.do\/en\/privacy-policy\/\" \/>\n<meta property=\"og:site_name\" content=\"Bonassi Dominicana\" \/>\n<meta property=\"article:publisher\" content=\"https:\/\/www.facebook.com\/bonassiofficial\" \/>\n<meta property=\"article:modified_time\" content=\"2023-08-26T23:08:44+00:00\" \/>\n<meta name=\"twitter:card\" content=\"summary_large_image\" \/>\n<meta name=\"twitter:label1\" content=\"Est. reading time\" \/>\n\t<meta name=\"twitter:data1\" content=\"8 minutes\" \/>\n<script type=\"application\/ld+json\" class=\"yoast-schema-graph\">{\"@context\":\"https:\\\/\\\/schema.org\",\"@graph\":[{\"@type\":\"WebPage\",\"@id\":\"https:\\\/\\\/bonassi.do\\\/privacy-policy\\\/\",\"url\":\"https:\\\/\\\/bonassi.do\\\/privacy-policy\\\/\",\"name\":\"Pol\u00edtica de Privacidad | Bonassi DO\",\"isPartOf\":{\"@id\":\"https:\\\/\\\/bonassi.do\\\/#website\"},\"datePublished\":\"2022-05-26T17:36:00+00:00\",\"dateModified\":\"2023-08-26T23:08:44+00:00\",\"description\":\"Tu privacidad es importante para nosotros. Descubre como usamos y protegemos tu informaci\u00f3n personal en Bonassi DO | | Vive la #UnderwaterRevolution\",\"breadcrumb\":{\"@id\":\"https:\\\/\\\/bonassi.do\\\/privacy-policy\\\/#breadcrumb\"},\"inLanguage\":\"en-US\",\"potentialAction\":[{\"@type\":\"ReadAction\",\"target\":[\"https:\\\/\\\/bonassi.do\\\/privacy-policy\\\/\"]}]},{\"@type\":\"BreadcrumbList\",\"@id\":\"https:\\\/\\\/bonassi.do\\\/privacy-policy\\\/#breadcrumb\",\"itemListElement\":[{\"@type\":\"ListItem\",\"position\":1,\"name\":\"Portada\",\"item\":\"https:\\\/\\\/bonassi.do\\\/\"},{\"@type\":\"ListItem\",\"position\":2,\"name\":\"Privacy Policy\"}]},{\"@type\":\"WebSite\",\"@id\":\"https:\\\/\\\/bonassi.do\\\/#website\",\"url\":\"https:\\\/\\\/bonassi.do\\\/\",\"name\":\"Bonassi Dominicana\",\"description\":\"Bienvenidos a la #UnderwaterRevolution - Equipo de Buceo y Apnea.\",\"publisher\":{\"@id\":\"https:\\\/\\\/bonassi.do\\\/#organization\"},\"potentialAction\":[{\"@type\":\"SearchAction\",\"target\":{\"@type\":\"EntryPoint\",\"urlTemplate\":\"https:\\\/\\\/bonassi.do\\\/?s={search_term_string}\"},\"query-input\":{\"@type\":\"PropertyValueSpecification\",\"valueRequired\":true,\"valueName\":\"search_term_string\"}}],\"inLanguage\":\"en-US\"},{\"@type\":\"Organization\",\"@id\":\"https:\\\/\\\/bonassi.do\\\/#organization\",\"name\":\"Bonassi M\u00e9xico\",\"url\":\"https:\\\/\\\/bonassi.do\\\/\",\"logo\":{\"@type\":\"ImageObject\",\"inLanguage\":\"en-US\",\"@id\":\"https:\\\/\\\/bonassi.do\\\/#\\\/schema\\\/logo\\\/image\\\/\",\"url\":\"https:\\\/\\\/bonassi.do\\\/wp-content\\\/uploads\\\/2022\\\/06\\\/bonassi-logo-800x-buceo-y-apnea-100.jpg\",\"contentUrl\":\"https:\\\/\\\/bonassi.do\\\/wp-content\\\/uploads\\\/2022\\\/06\\\/bonassi-logo-800x-buceo-y-apnea-100.jpg\",\"width\":801,\"height\":801,\"caption\":\"Bonassi M\u00e9xico\"},\"image\":{\"@id\":\"https:\\\/\\\/bonassi.do\\\/#\\\/schema\\\/logo\\\/image\\\/\"},\"sameAs\":[\"https:\\\/\\\/www.facebook.com\\\/bonassiofficial\",\"https:\\\/\\\/www.instagram.com\\\/bonassi.official\\\/\",\"https:\\\/\\\/www.youtube.com\\\/channel\\\/UCLl9x2YXGdYMdxrkHoe2Igg\"]}]}<\/script>\n<!-- \/ Yoast SEO plugin. -->","yoast_head_json":{"title":"Pol\u00edtica de Privacidad | Bonassi DO","description":"Tu privacidad es importante para nosotros. Descubre como usamos y protegemos tu informaci\u00f3n personal en Bonassi DO | | Vive la #UnderwaterRevolution","robots":{"index":"index","follow":"follow","max-snippet":"max-snippet:-1","max-image-preview":"max-image-preview:large","max-video-preview":"max-video-preview:-1"},"canonical":"https:\/\/bonassi.do\/en\/privacy-policy\/","og_locale":"en_US","og_type":"article","og_title":"Pol\u00edtica de Privacidad | Bonassi DO","og_description":"Tu privacidad es importante para nosotros. Descubre como usamos y protegemos tu informaci\u00f3n personal en Bonassi DO | | Vive la #UnderwaterRevolution","og_url":"https:\/\/bonassi.do\/en\/privacy-policy\/","og_site_name":"Bonassi Dominicana","article_publisher":"https:\/\/www.facebook.com\/bonassiofficial","article_modified_time":"2023-08-26T23:08:44+00:00","twitter_card":"summary_large_image","twitter_misc":{"Est. reading time":"8 minutes"},"schema":{"@context":"https:\/\/schema.org","@graph":[{"@type":"WebPage","@id":"https:\/\/bonassi.do\/privacy-policy\/","url":"https:\/\/bonassi.do\/privacy-policy\/","name":"Pol\u00edtica de Privacidad | Bonassi DO","isPartOf":{"@id":"https:\/\/bonassi.do\/#website"},"datePublished":"2022-05-26T17:36:00+00:00","dateModified":"2023-08-26T23:08:44+00:00","description":"Tu privacidad es importante para nosotros. Descubre como usamos y protegemos tu informaci\u00f3n personal en Bonassi DO | | Vive la #UnderwaterRevolution","breadcrumb":{"@id":"https:\/\/bonassi.do\/privacy-policy\/#breadcrumb"},"inLanguage":"en-US","potentialAction":[{"@type":"ReadAction","target":["https:\/\/bonassi.do\/privacy-policy\/"]}]},{"@type":"BreadcrumbList","@id":"https:\/\/bonassi.do\/privacy-policy\/#breadcrumb","itemListElement":[{"@type":"ListItem","position":1,"name":"Portada","item":"https:\/\/bonassi.do\/"},{"@type":"ListItem","position":2,"name":"Privacy Policy"}]},{"@type":"WebSite","@id":"https:\/\/bonassi.do\/#website","url":"https:\/\/bonassi.do\/","name":"Bonassi Dominicana","description":"Bienvenidos a la #UnderwaterRevolution - Equipo de Buceo y Apnea.","publisher":{"@id":"https:\/\/bonassi.do\/#organization"},"potentialAction":[{"@type":"SearchAction","target":{"@type":"EntryPoint","urlTemplate":"https:\/\/bonassi.do\/?s={search_term_string}"},"query-input":{"@type":"PropertyValueSpecification","valueRequired":true,"valueName":"search_term_string"}}],"inLanguage":"en-US"},{"@type":"Organization","@id":"https:\/\/bonassi.do\/#organization","name":"Bonassi M\u00e9xico","url":"https:\/\/bonassi.do\/","logo":{"@type":"ImageObject","inLanguage":"en-US","@id":"https:\/\/bonassi.do\/#\/schema\/logo\/image\/","url":"https:\/\/bonassi.do\/wp-content\/uploads\/2022\/06\/bonassi-logo-800x-buceo-y-apnea-100.jpg","contentUrl":"https:\/\/bonassi.do\/wp-content\/uploads\/2022\/06\/bonassi-logo-800x-buceo-y-apnea-100.jpg","width":801,"height":801,"caption":"Bonassi M\u00e9xico"},"image":{"@id":"https:\/\/bonassi.do\/#\/schema\/logo\/image\/"},"sameAs":["https:\/\/www.facebook.com\/bonassiofficial","https:\/\/www.instagram.com\/bonassi.official\/","https:\/\/www.youtube.com\/channel\/UCLl9x2YXGdYMdxrkHoe2Igg"]}]}},"_links":{"self":[{"href":"https:\/\/bonassi.do\/en\/wp-json\/wp\/v2\/pages\/3","targetHints":{"allow":["GET"]}}],"collection":[{"href":"https:\/\/bonassi.do\/en\/wp-json\/wp\/v2\/pages"}],"about":[{"href":"https:\/\/bonassi.do\/en\/wp-json\/wp\/v2\/types\/page"}],"author":[{"embeddable":true,"href":"https:\/\/bonassi.do\/en\/wp-json\/wp\/v2\/users\/1"}],"replies":[{"embeddable":true,"href":"https:\/\/bonassi.do\/en\/wp-json\/wp\/v2\/comments?post=3"}],"version-history":[{"count":1,"href":"https:\/\/bonassi.do\/en\/wp-json\/wp\/v2\/pages\/3\/revisions"}],"predecessor-version":[{"id":6984,"href":"https:\/\/bonassi.do\/en\/wp-json\/wp\/v2\/pages\/3\/revisions\/6984"}],"wp:attachment":[{"href":"https:\/\/bonassi.do\/en\/wp-json\/wp\/v2\/media?parent=3"}],"curies":[{"name":"wp","href":"https:\/\/api.w.org\/{rel}","templated":true}]}}