{"id":1934,"date":"2022-06-11T19:08:22","date_gmt":"2022-06-12T00:08:22","guid":{"rendered":"https:\/\/bonassi.do\/?page_id=1934"},"modified":"2023-08-26T16:55:32","modified_gmt":"2023-08-26T22:55:32","slug":"encuentra-tu-tienda-bonassi","status":"publish","type":"page","link":"https:\/\/bonassi.do\/en\/encuentra-tu-tienda-bonassi\/","title":{"rendered":"Encuentra tu tienda Bonassi"},"content":{"rendered":"\t\t<div data-elementor-type=\"wp-page\" data-elementor-id=\"1934\" class=\"elementor elementor-1934\" data-elementor-post-type=\"page\">\n\t\t\t\t\t\t<section class=\"elementor-section elementor-top-section elementor-element elementor-element-c764625 elementor-section-height-min-height elementor-section-boxed elementor-section-height-default elementor-section-items-middle\" data-id=\"c764625\" data-element_type=\"section\" data-e-type=\"section\">\n\t\t\t\t\t\t<div class=\"elementor-container elementor-column-gap-default\">\n\t\t\t\t\t<div class=\"elementor-column elementor-col-100 elementor-top-column elementor-element elementor-element-93e8128\" data-id=\"93e8128\" data-element_type=\"column\" data-e-type=\"column\">\n\t\t\t<div class=\"elementor-widget-wrap elementor-element-populated\">\n\t\t\t\t\t\t<div class=\"elementor-element elementor-element-c66545e elementor-widget__width-auto elementor-widget elementor-widget-shortcode\" data-id=\"c66545e\" data-element_type=\"widget\" data-e-type=\"widget\" data-widget_type=\"shortcode.default\">\n\t\t\t\t\t\t\t<div class=\"elementor-shortcode\">[wp_multi_store_locator_map id=2154]<\/div>\n\t\t\t\t\t\t<\/div>\n\t\t\t\t\t<\/div>\n\t\t<\/div>\n\t\t\t\t\t<\/div>\n\t\t<\/section>\n\t\t\t\t<\/div>\n\t\t","protected":false},"excerpt":{"rendered":"<p>[wp_multi_store_locator_map id=2154]<\/p>\n","protected":false},"author":4,"featured_media":0,"parent":0,"menu_order":0,"comment_status":"closed","ping_status":"closed","template":"elementor_header_footer","meta":{"footnotes":""},"class_list":["post-1934","page","type-page","status-publish","hentry"],"yoast_head":"<!-- This site is optimized with the Yoast SEO plugin v27.3 - https:\/\/yoast.com\/product\/yoast-seo-wordpress\/ -->\n<title>Encuentra tu tienda | Bonassi DO<\/title>\n<meta name=\"description\" content=\"Encuentra f\u00e1cilmente la tienda o distribuidor m\u00e1s cercano con el mejor equipo Bonassi m\u00e1s cerca de ti | Vive la #UnderwaterRevolution\" \/>\n<meta name=\"robots\" content=\"index, follow, max-snippet:-1, max-image-preview:large, max-video-preview:-1\" \/>\n<link rel=\"canonical\" href=\"https:\/\/bonassi.do\/en\/encuentra-tu-tienda-bonassi\/\" \/>\n<meta property=\"og:locale\" content=\"en_US\" \/>\n<meta property=\"og:type\" content=\"article\" \/>\n<meta property=\"og:title\" content=\"Encuentra tu tienda | Bonassi DO\" \/>\n<meta property=\"og:description\" content=\"Encuentra f\u00e1cilmente la tienda o distribuidor m\u00e1s cercano con el mejor equipo Bonassi m\u00e1s cerca de ti | Vive la #UnderwaterRevolution\" \/>\n<meta property=\"og:url\" content=\"https:\/\/bonassi.do\/en\/encuentra-tu-tienda-bonassi\/\" \/>\n<meta property=\"og:site_name\" content=\"Bonassi Dominicana\" \/>\n<meta property=\"article:publisher\" content=\"https:\/\/www.facebook.com\/bonassiofficial\" \/>\n<meta property=\"article:modified_time\" content=\"2023-08-26T22:55:32+00:00\" \/>\n<meta name=\"twitter:card\" content=\"summary_large_image\" \/>\n<script type=\"application\/ld+json\" class=\"yoast-schema-graph\">{\"@context\":\"https:\\\/\\\/schema.org\",\"@graph\":[{\"@type\":\"WebPage\",\"@id\":\"https:\\\/\\\/bonassi.do\\\/encuentra-tu-tienda-bonassi\\\/\",\"url\":\"https:\\\/\\\/bonassi.do\\\/encuentra-tu-tienda-bonassi\\\/\",\"name\":\"Encuentra tu tienda | Bonassi DO\",\"isPartOf\":{\"@id\":\"https:\\\/\\\/bonassi.do\\\/#website\"},\"datePublished\":\"2022-06-12T00:08:22+00:00\",\"dateModified\":\"2023-08-26T22:55:32+00:00\",\"description\":\"Encuentra f\u00e1cilmente la tienda o distribuidor m\u00e1s cercano con el mejor equipo Bonassi m\u00e1s cerca de ti | Vive la #UnderwaterRevolution\",\"breadcrumb\":{\"@id\":\"https:\\\/\\\/bonassi.do\\\/encuentra-tu-tienda-bonassi\\\/#breadcrumb\"},\"inLanguage\":\"en-US\",\"potentialAction\":[{\"@type\":\"ReadAction\",\"target\":[\"https:\\\/\\\/bonassi.do\\\/encuentra-tu-tienda-bonassi\\\/\"]}]},{\"@type\":\"BreadcrumbList\",\"@id\":\"https:\\\/\\\/bonassi.do\\\/encuentra-tu-tienda-bonassi\\\/#breadcrumb\",\"itemListElement\":[{\"@type\":\"ListItem\",\"position\":1,\"name\":\"Portada\",\"item\":\"https:\\\/\\\/bonassi.do\\\/\"},{\"@type\":\"ListItem\",\"position\":2,\"name\":\"Encuentra tu tienda Bonassi\"}]},{\"@type\":\"WebSite\",\"@id\":\"https:\\\/\\\/bonassi.do\\\/#website\",\"url\":\"https:\\\/\\\/bonassi.do\\\/\",\"name\":\"Bonassi Dominicana\",\"description\":\"Bienvenidos a la #UnderwaterRevolution - Equipo de Buceo y Apnea.\",\"publisher\":{\"@id\":\"https:\\\/\\\/bonassi.do\\\/#organization\"},\"potentialAction\":[{\"@type\":\"SearchAction\",\"target\":{\"@type\":\"EntryPoint\",\"urlTemplate\":\"https:\\\/\\\/bonassi.do\\\/?s={search_term_string}\"},\"query-input\":{\"@type\":\"PropertyValueSpecification\",\"valueRequired\":true,\"valueName\":\"search_term_string\"}}],\"inLanguage\":\"en-US\"},{\"@type\":\"Organization\",\"@id\":\"https:\\\/\\\/bonassi.do\\\/#organization\",\"name\":\"Bonassi M\u00e9xico\",\"url\":\"https:\\\/\\\/bonassi.do\\\/\",\"logo\":{\"@type\":\"ImageObject\",\"inLanguage\":\"en-US\",\"@id\":\"https:\\\/\\\/bonassi.do\\\/#\\\/schema\\\/logo\\\/image\\\/\",\"url\":\"https:\\\/\\\/bonassi.do\\\/wp-content\\\/uploads\\\/2022\\\/06\\\/bonassi-logo-800x-buceo-y-apnea-100.jpg\",\"contentUrl\":\"https:\\\/\\\/bonassi.do\\\/wp-content\\\/uploads\\\/2022\\\/06\\\/bonassi-logo-800x-buceo-y-apnea-100.jpg\",\"width\":801,\"height\":801,\"caption\":\"Bonassi M\u00e9xico\"},\"image\":{\"@id\":\"https:\\\/\\\/bonassi.do\\\/#\\\/schema\\\/logo\\\/image\\\/\"},\"sameAs\":[\"https:\\\/\\\/www.facebook.com\\\/bonassiofficial\",\"https:\\\/\\\/www.instagram.com\\\/bonassi.official\\\/\",\"https:\\\/\\\/www.youtube.com\\\/channel\\\/UCLl9x2YXGdYMdxrkHoe2Igg\"]}]}<\/script>\n<!-- \/ Yoast SEO plugin. -->","yoast_head_json":{"title":"Encuentra tu tienda | Bonassi DO","description":"Encuentra f\u00e1cilmente la tienda o distribuidor m\u00e1s cercano con el mejor equipo Bonassi m\u00e1s cerca de ti | Vive la #UnderwaterRevolution","robots":{"index":"index","follow":"follow","max-snippet":"max-snippet:-1","max-image-preview":"max-image-preview:large","max-video-preview":"max-video-preview:-1"},"canonical":"https:\/\/bonassi.do\/en\/encuentra-tu-tienda-bonassi\/","og_locale":"en_US","og_type":"article","og_title":"Encuentra tu tienda | Bonassi DO","og_description":"Encuentra f\u00e1cilmente la tienda o distribuidor m\u00e1s cercano con el mejor equipo Bonassi m\u00e1s cerca de ti | Vive la #UnderwaterRevolution","og_url":"https:\/\/bonassi.do\/en\/encuentra-tu-tienda-bonassi\/","og_site_name":"Bonassi Dominicana","article_publisher":"https:\/\/www.facebook.com\/bonassiofficial","article_modified_time":"2023-08-26T22:55:32+00:00","twitter_card":"summary_large_image","schema":{"@context":"https:\/\/schema.org","@graph":[{"@type":"WebPage","@id":"https:\/\/bonassi.do\/encuentra-tu-tienda-bonassi\/","url":"https:\/\/bonassi.do\/encuentra-tu-tienda-bonassi\/","name":"Encuentra tu tienda | Bonassi DO","isPartOf":{"@id":"https:\/\/bonassi.do\/#website"},"datePublished":"2022-06-12T00:08:22+00:00","dateModified":"2023-08-26T22:55:32+00:00","description":"Encuentra f\u00e1cilmente la tienda o distribuidor m\u00e1s cercano con el mejor equipo Bonassi m\u00e1s cerca de ti | Vive la #UnderwaterRevolution","breadcrumb":{"@id":"https:\/\/bonassi.do\/encuentra-tu-tienda-bonassi\/#breadcrumb"},"inLanguage":"en-US","potentialAction":[{"@type":"ReadAction","target":["https:\/\/bonassi.do\/encuentra-tu-tienda-bonassi\/"]}]},{"@type":"BreadcrumbList","@id":"https:\/\/bonassi.do\/encuentra-tu-tienda-bonassi\/#breadcrumb","itemListElement":[{"@type":"ListItem","position":1,"name":"Portada","item":"https:\/\/bonassi.do\/"},{"@type":"ListItem","position":2,"name":"Encuentra tu tienda Bonassi"}]},{"@type":"WebSite","@id":"https:\/\/bonassi.do\/#website","url":"https:\/\/bonassi.do\/","name":"Bonassi Dominicana","description":"Bienvenidos a la #UnderwaterRevolution - Equipo de Buceo y Apnea.","publisher":{"@id":"https:\/\/bonassi.do\/#organization"},"potentialAction":[{"@type":"SearchAction","target":{"@type":"EntryPoint","urlTemplate":"https:\/\/bonassi.do\/?s={search_term_string}"},"query-input":{"@type":"PropertyValueSpecification","valueRequired":true,"valueName":"search_term_string"}}],"inLanguage":"en-US"},{"@type":"Organization","@id":"https:\/\/bonassi.do\/#organization","name":"Bonassi M\u00e9xico","url":"https:\/\/bonassi.do\/","logo":{"@type":"ImageObject","inLanguage":"en-US","@id":"https:\/\/bonassi.do\/#\/schema\/logo\/image\/","url":"https:\/\/bonassi.do\/wp-content\/uploads\/2022\/06\/bonassi-logo-800x-buceo-y-apnea-100.jpg","contentUrl":"https:\/\/bonassi.do\/wp-content\/uploads\/2022\/06\/bonassi-logo-800x-buceo-y-apnea-100.jpg","width":801,"height":801,"caption":"Bonassi M\u00e9xico"},"image":{"@id":"https:\/\/bonassi.do\/#\/schema\/logo\/image\/"},"sameAs":["https:\/\/www.facebook.com\/bonassiofficial","https:\/\/www.instagram.com\/bonassi.official\/","https:\/\/www.youtube.com\/channel\/UCLl9x2YXGdYMdxrkHoe2Igg"]}]}},"_links":{"self":[{"href":"https:\/\/bonassi.do\/en\/wp-json\/wp\/v2\/pages\/1934","targetHints":{"allow":["GET"]}}],"collection":[{"href":"https:\/\/bonassi.do\/en\/wp-json\/wp\/v2\/pages"}],"about":[{"href":"https:\/\/bonassi.do\/en\/wp-json\/wp\/v2\/types\/page"}],"author":[{"embeddable":true,"href":"https:\/\/bonassi.do\/en\/wp-json\/wp\/v2\/users\/4"}],"replies":[{"embeddable":true,"href":"https:\/\/bonassi.do\/en\/wp-json\/wp\/v2\/comments?post=1934"}],"version-history":[{"count":1,"href":"https:\/\/bonassi.do\/en\/wp-json\/wp\/v2\/pages\/1934\/revisions"}],"predecessor-version":[{"id":6979,"href":"https:\/\/bonassi.do\/en\/wp-json\/wp\/v2\/pages\/1934\/revisions\/6979"}],"wp:attachment":[{"href":"https:\/\/bonassi.do\/en\/wp-json\/wp\/v2\/media?parent=1934"}],"curies":[{"name":"wp","href":"https:\/\/api.w.org\/{rel}","templated":true}]}}