{"id":111,"date":"2022-06-03T12:14:39","date_gmt":"2022-06-03T17:14:39","guid":{"rendered":"https:\/\/bonassi.do\/?page_id=111"},"modified":"2025-12-01T16:52:41","modified_gmt":"2025-12-01T22:52:41","slug":"inicio-bonassi-do","status":"publish","type":"page","link":"https:\/\/bonassi.do\/en\/","title":{"rendered":"Inicio Bonassi Dominicana"},"content":{"rendered":"<div data-elementor-type=\"wp-page\" data-elementor-id=\"111\" class=\"elementor elementor-111\" data-elementor-post-type=\"page\">\n\t\t\t\t\t\t<header class=\"elementor-section elementor-top-section elementor-element elementor-element-e9709fe elementor-section-boxed elementor-section-height-default elementor-section-height-default\" data-id=\"e9709fe\" data-element_type=\"section\" data-e-type=\"section\" data-settings=\"{&quot;background_background&quot;:&quot;classic&quot;}\">\n\t\t\t\t\t\t<div class=\"elementor-container elementor-column-gap-default\">\n\t\t\t\t\t<div class=\"elementor-column elementor-col-100 elementor-top-column elementor-element elementor-element-cdd2ed6\" data-id=\"cdd2ed6\" data-element_type=\"column\" data-e-type=\"column\">\n\t\t\t<div class=\"elementor-widget-wrap elementor-element-populated\">\n\t\t\t\t\t\t<div class=\"elementor-element elementor-element-215b45e elementor-widget elementor-widget-image\" data-id=\"215b45e\" data-element_type=\"widget\" data-e-type=\"widget\" data-widget_type=\"image.default\">\n\t\t\t\t\t\t\t\t\t\t\t\t\t\t\t\t<a href=\"https:\/\/bonassistorerd.alegratienda.com\/\">\n\t\t\t\t\t\t\t<img fetchpriority=\"high\" decoding=\"async\" width=\"1920\" height=\"1080\" src=\"https:\/\/bonassi.do\/wp-content\/uploads\/2025\/12\/BANNER-DOMINICANA.png\" class=\"attachment-full size-full wp-image-7267\" alt=\"\" srcset=\"https:\/\/bonassi.do\/wp-content\/uploads\/2025\/12\/BANNER-DOMINICANA.png 1920w, https:\/\/bonassi.do\/wp-content\/uploads\/2025\/12\/BANNER-DOMINICANA-300x169.png 300w, https:\/\/bonassi.do\/wp-content\/uploads\/2025\/12\/BANNER-DOMINICANA-1024x576.png 1024w, https:\/\/bonassi.do\/wp-content\/uploads\/2025\/12\/BANNER-DOMINICANA-768x432.png 768w, https:\/\/bonassi.do\/wp-content\/uploads\/2025\/12\/BANNER-DOMINICANA-1536x864.png 1536w, https:\/\/bonassi.do\/wp-content\/uploads\/2025\/12\/BANNER-DOMINICANA-18x10.png 18w\" sizes=\"(max-width: 1920px) 100vw, 1920px\" \/>\t\t\t\t\t\t\t\t<\/a>\n\t\t\t\t\t\t\t\t\t\t\t\t\t\t\t<\/div>\n\t\t\t\t<section class=\"elementor-section elementor-inner-section elementor-element elementor-element-5961905 elementor-section-full_width elementor-section-height-default elementor-section-height-default\" data-id=\"5961905\" data-element_type=\"section\" data-e-type=\"section\">\n\t\t\t\t\t\t<div class=\"elementor-container elementor-column-gap-default\">\n\t\t\t\t\t<div class=\"elementor-column elementor-col-25 elementor-inner-column elementor-element elementor-element-c882c92\" data-id=\"c882c92\" data-element_type=\"column\" data-e-type=\"column\" data-settings=\"{&quot;background_background&quot;:&quot;classic&quot;}\">\n\t\t\t<div class=\"elementor-widget-wrap elementor-element-populated\">\n\t\t\t\t\t\t<div class=\"elementor-element elementor-element-68db764 elementor-widget elementor-widget-image\" data-id=\"68db764\" data-element_type=\"widget\" data-e-type=\"widget\" data-widget_type=\"image.default\">\n\t\t\t\t\t\t\t\t\t\t\t\t\t\t\t\t<a href=\"https:\/\/bonassistorerd.alegratienda.com\/arpones-5\">\n\t\t\t\t\t\t\t<img decoding=\"async\" src=\"https:\/\/bonassi.do\/wp-content\/uploads\/elementor\/thumbs\/spearfishing-ptt0w79trs36on30dxw6ptja3b8aiv79t3e8csw2py.jpg\" title=\"spearfishing\" alt=\"equipo para spearfishing\" loading=\"lazy\" \/>\t\t\t\t\t\t\t\t<\/a>\n\t\t\t\t\t\t\t\t\t\t\t\t\t\t\t<\/div>\n\t\t\t\t<div class=\"elementor-element elementor-element-5d7e737 elementor-widget elementor-widget-heading\" data-id=\"5d7e737\" data-element_type=\"widget\" data-e-type=\"widget\" data-widget_type=\"heading.default\">\n\t\t\t\t\t<h3 class=\"elementor-heading-title elementor-size-default\"><a href=\"https:\/\/bonassi.do\/en\/categoria-producto\/pesca-submarina\/\">Spearfishing<\/a><\/h3>\t\t\t\t<\/div>\n\t\t\t\t<div class=\"elementor-element elementor-element-ad729f6 elementor-widget elementor-widget-button\" data-id=\"ad729f6\" data-element_type=\"widget\" data-e-type=\"widget\" data-widget_type=\"button.default\">\n\t\t\t\t\t\t\t\t\t\t<a class=\"elementor-button elementor-button-link elementor-size-sm elementor-animation-grow\" href=\"https:\/\/bonassistorerd.alegratienda.com\/arpones-5\">\n\t\t\t\t\t\t<span class=\"elementor-button-content-wrapper\">\n\t\t\t\t\t\t\t\t\t<span class=\"elementor-button-text\">Dive in<\/span>\n\t\t\t\t\t<\/span>\n\t\t\t\t\t<\/a>\n\t\t\t\t\t\t\t\t<\/div>\n\t\t\t\t\t<\/div>\n\t\t<\/div>\n\t\t\t\t<div class=\"elementor-column elementor-col-25 elementor-inner-column elementor-element elementor-element-bd204c8\" data-id=\"bd204c8\" data-element_type=\"column\" data-e-type=\"column\" data-settings=\"{&quot;background_background&quot;:&quot;classic&quot;}\">\n\t\t\t<div class=\"elementor-widget-wrap elementor-element-populated\">\n\t\t\t\t\t\t<div class=\"elementor-element elementor-element-cb83c7a elementor-widget elementor-widget-image\" data-id=\"cb83c7a\" data-element_type=\"widget\" data-e-type=\"widget\" data-widget_type=\"image.default\">\n\t\t\t\t\t\t\t\t\t\t\t\t\t\t\t\t<a href=\"https:\/\/bonassistorerd.alegratienda.com\/buceo-2\">\n\t\t\t\t\t\t\t<img decoding=\"async\" src=\"https:\/\/bonassi.do\/wp-content\/uploads\/elementor\/thumbs\/buceo-equipamiento-q3k4w5zh8zhtmc5algwhk2jbkd5zfsbfzt1adcllty.jpg\" title=\"buceo equipamiento\" alt=\"buceo equipamiento mexico\" loading=\"lazy\" \/>\t\t\t\t\t\t\t\t<\/a>\n\t\t\t\t\t\t\t\t\t\t\t\t\t\t\t<\/div>\n\t\t\t\t<div class=\"elementor-element elementor-element-2b0c3cb elementor-widget elementor-widget-heading\" data-id=\"2b0c3cb\" data-element_type=\"widget\" data-e-type=\"widget\" data-widget_type=\"heading.default\">\n\t\t\t\t\t<h3 class=\"elementor-heading-title elementor-size-default\"><a href=\"https:\/\/bonassi.do\/en\/categoria-producto\/buceo\/\">Diving<\/a><\/h3>\t\t\t\t<\/div>\n\t\t\t\t<div class=\"elementor-element elementor-element-8245d28 elementor-widget elementor-widget-button\" data-id=\"8245d28\" data-element_type=\"widget\" data-e-type=\"widget\" data-widget_type=\"button.default\">\n\t\t\t\t\t\t\t\t\t\t<a class=\"elementor-button elementor-button-link elementor-size-sm elementor-animation-grow\" href=\"https:\/\/bonassistorerd.alegratienda.com\/buceo-2\">\n\t\t\t\t\t\t<span class=\"elementor-button-content-wrapper\">\n\t\t\t\t\t\t\t\t\t<span class=\"elementor-button-text\">Dive in<\/span>\n\t\t\t\t\t<\/span>\n\t\t\t\t\t<\/a>\n\t\t\t\t\t\t\t\t<\/div>\n\t\t\t\t\t<\/div>\n\t\t<\/div>\n\t\t\t\t<div class=\"elementor-column elementor-col-25 elementor-inner-column elementor-element elementor-element-173b4f9\" data-id=\"173b4f9\" data-element_type=\"column\" data-e-type=\"column\" data-settings=\"{&quot;background_background&quot;:&quot;classic&quot;}\">\n\t\t\t<div class=\"elementor-widget-wrap elementor-element-populated\">\n\t\t\t\t\t\t<div class=\"elementor-element elementor-element-5766ea9 elementor-widget elementor-widget-image\" data-id=\"5766ea9\" data-element_type=\"widget\" data-e-type=\"widget\" data-widget_type=\"image.default\">\n\t\t\t\t\t\t\t\t\t\t\t\t\t\t\t\t<a href=\"https:\/\/bonassistorerd.alegratienda.com\/esnorquels-4\">\n\t\t\t\t\t\t\t<img decoding=\"async\" src=\"https:\/\/bonassi.do\/wp-content\/uploads\/elementor\/thumbs\/snorkels-pq0pbi61h6hg9017up243261pagufpu8kfit059dja.png\" title=\"snorkeling\" alt=\"snorkeling equipo\" loading=\"lazy\" \/>\t\t\t\t\t\t\t\t<\/a>\n\t\t\t\t\t\t\t\t\t\t\t\t\t\t\t<\/div>\n\t\t\t\t<div class=\"elementor-element elementor-element-1689caa elementor-widget elementor-widget-heading\" data-id=\"1689caa\" data-element_type=\"widget\" data-e-type=\"widget\" data-widget_type=\"heading.default\">\n\t\t\t\t\t<h3 class=\"elementor-heading-title elementor-size-default\"><a href=\"https:\/\/bonassi.do\/en\/categoria-producto\/snorkeling\/\">Snorkeling<\/a><\/h3>\t\t\t\t<\/div>\n\t\t\t\t<div class=\"elementor-element elementor-element-59b2103 elementor-widget elementor-widget-button\" data-id=\"59b2103\" data-element_type=\"widget\" data-e-type=\"widget\" data-widget_type=\"button.default\">\n\t\t\t\t\t\t\t\t\t\t<a class=\"elementor-button elementor-button-link elementor-size-sm elementor-animation-grow\" href=\"https:\/\/bonassistorerd.alegratienda.com\/esnorquels-4\">\n\t\t\t\t\t\t<span class=\"elementor-button-content-wrapper\">\n\t\t\t\t\t\t\t\t\t<span class=\"elementor-button-text\">Dive in<\/span>\n\t\t\t\t\t<\/span>\n\t\t\t\t\t<\/a>\n\t\t\t\t\t\t\t\t<\/div>\n\t\t\t\t\t<\/div>\n\t\t<\/div>\n\t\t\t\t<div class=\"elementor-column elementor-col-25 elementor-inner-column elementor-element elementor-element-316e94f\" data-id=\"316e94f\" data-element_type=\"column\" data-e-type=\"column\" data-settings=\"{&quot;background_background&quot;:&quot;classic&quot;}\">\n\t\t\t<div class=\"elementor-widget-wrap elementor-element-populated\">\n\t\t\t\t\t\t<div class=\"elementor-element elementor-element-e4219b2 elementor-widget elementor-widget-image\" data-id=\"e4219b2\" data-element_type=\"widget\" data-e-type=\"widget\" data-widget_type=\"image.default\">\n\t\t\t\t\t\t\t\t\t\t\t\t\t\t\t\t<a href=\"https:\/\/bonassistorerd.alegratienda.com\/trajes-10\">\n\t\t\t\t\t\t\t<img decoding=\"async\" src=\"https:\/\/bonassi.do\/wp-content\/uploads\/elementor\/thumbs\/Apnea-combo-vale--pw6vegk4w497xe98axojn6psupfs40rv2ccqfp5v46.jpg\" title=\"Apnea equipo\" alt=\"Apnea equipo\" loading=\"lazy\" \/>\t\t\t\t\t\t\t\t<\/a>\n\t\t\t\t\t\t\t\t\t\t\t\t\t\t\t<\/div>\n\t\t\t\t<div class=\"elementor-element elementor-element-6b58a57 elementor-widget elementor-widget-heading\" data-id=\"6b58a57\" data-element_type=\"widget\" data-e-type=\"widget\" data-widget_type=\"heading.default\">\n\t\t\t\t\t<h3 class=\"elementor-heading-title elementor-size-default\"><a href=\"https:\/\/bonassi.do\/en\/categoria-producto\/apnea\/\">Freediving<\/a><\/h3>\t\t\t\t<\/div>\n\t\t\t\t<div class=\"elementor-element elementor-element-d71256b elementor-widget elementor-widget-button\" data-id=\"d71256b\" data-element_type=\"widget\" data-e-type=\"widget\" data-widget_type=\"button.default\">\n\t\t\t\t\t\t\t\t\t\t<a class=\"elementor-button elementor-button-link elementor-size-sm elementor-animation-grow\" href=\"https:\/\/bonassistorerd.alegratienda.com\/trajes-10\">\n\t\t\t\t\t\t<span class=\"elementor-button-content-wrapper\">\n\t\t\t\t\t\t\t\t\t<span class=\"elementor-button-text\">Dive in<\/span>\n\t\t\t\t\t<\/span>\n\t\t\t\t\t<\/a>\n\t\t\t\t\t\t\t\t<\/div>\n\t\t\t\t\t<\/div>\n\t\t<\/div>\n\t\t\t\t\t<\/div>\n\t\t<\/section>\n\t\t\t\t\t<\/div>\n\t\t<\/div>\n\t\t\t\t\t<\/div>\n\t\t<\/header>\n\t\t\t\t<section class=\"elementor-section elementor-top-section elementor-element elementor-element-5ff0a53 elementor-section-boxed elementor-section-height-default elementor-section-height-default\" data-id=\"5ff0a53\" data-element_type=\"section\" data-e-type=\"section\">\n\t\t\t\t\t\t<div class=\"elementor-container elementor-column-gap-default\">\n\t\t\t\t\t<div class=\"elementor-column elementor-col-100 elementor-top-column elementor-element elementor-element-03a6307\" data-id=\"03a6307\" data-element_type=\"column\" data-e-type=\"column\">\n\t\t\t<div class=\"elementor-widget-wrap\">\n\t\t\t\t\t\t\t<\/div>\n\t\t<\/div>\n\t\t\t\t\t<\/div>\n\t\t<\/section>\n\t\t\t\t<\/div>","protected":false},"excerpt":{"rendered":"<p>Pesca Submarina Ver m\u00e1s Buceo Ver m\u00e1s Snorkeling Ver m\u00e1s Apnea Ver m\u00e1s<\/p>","protected":false},"author":2,"featured_media":6907,"parent":0,"menu_order":0,"comment_status":"closed","ping_status":"closed","template":"","meta":{"footnotes":""},"class_list":["post-111","page","type-page","status-publish","has-post-thumbnail","hentry"],"yoast_head":"<!-- This site is optimized with the Yoast SEO plugin v27.3 - https:\/\/yoast.com\/product\/yoast-seo-wordpress\/ -->\n<title>Equipo de Buceo, Apnea, Pesca Submarina y M\u00e1s | Bonassi DO<\/title>\n<meta name=\"description\" content=\"Encuentra el equipo perfecto para tu pr\u00f3xima aventura y supera tus l\u00edmites con Bonassi Dominicana | Vive la #UnderwaterRevolution\" \/>\n<meta name=\"robots\" content=\"index, follow, max-snippet:-1, max-image-preview:large, max-video-preview:-1\" \/>\n<link rel=\"canonical\" href=\"https:\/\/bonassi.do\/en\/\" \/>\n<meta property=\"og:locale\" content=\"en_US\" \/>\n<meta property=\"og:type\" content=\"article\" \/>\n<meta property=\"og:title\" content=\"Equipo de Buceo, Apnea, Pesca Submarina y M\u00e1s | Bonassi DO\" \/>\n<meta property=\"og:description\" content=\"Encuentra el equipo perfecto para tu pr\u00f3xima aventura y supera tus l\u00edmites con Bonassi Dominicana | Vive la #UnderwaterRevolution\" \/>\n<meta property=\"og:url\" content=\"https:\/\/bonassi.do\/en\/\" \/>\n<meta property=\"og:site_name\" content=\"Bonassi Dominicana\" \/>\n<meta property=\"article:publisher\" content=\"https:\/\/www.facebook.com\/bonassiofficial\" \/>\n<meta property=\"article:modified_time\" content=\"2025-12-01T22:52:41+00:00\" \/>\n<meta property=\"og:image\" content=\"https:\/\/bonassi.do\/wp-content\/uploads\/2022\/10\/cuadrito-para-google-bonassi.jpg\" \/>\n\t<meta property=\"og:image:width\" content=\"900\" \/>\n\t<meta property=\"og:image:height\" content=\"900\" \/>\n\t<meta property=\"og:image:type\" content=\"image\/jpeg\" \/>\n<meta name=\"twitter:card\" content=\"summary_large_image\" \/>\n<meta name=\"twitter:label1\" content=\"Est. reading time\" \/>\n\t<meta name=\"twitter:data1\" content=\"3 minutes\" \/>\n<script type=\"application\/ld+json\" class=\"yoast-schema-graph\">{\"@context\":\"https:\\\/\\\/schema.org\",\"@graph\":[{\"@type\":\"WebPage\",\"@id\":\"https:\\\/\\\/bonassi.do\\\/\",\"url\":\"https:\\\/\\\/bonassi.do\\\/\",\"name\":\"Equipo de Buceo, Apnea, Pesca Submarina y M\u00e1s | Bonassi DO\",\"isPartOf\":{\"@id\":\"https:\\\/\\\/bonassi.do\\\/#website\"},\"primaryImageOfPage\":{\"@id\":\"https:\\\/\\\/bonassi.do\\\/#primaryimage\"},\"image\":{\"@id\":\"https:\\\/\\\/bonassi.do\\\/#primaryimage\"},\"thumbnailUrl\":\"https:\\\/\\\/bonassi.do\\\/wp-content\\\/uploads\\\/2022\\\/10\\\/cuadrito-para-google-bonassi.jpg\",\"datePublished\":\"2022-06-03T17:14:39+00:00\",\"dateModified\":\"2025-12-01T22:52:41+00:00\",\"description\":\"Encuentra el equipo perfecto para tu pr\u00f3xima aventura y supera tus l\u00edmites con Bonassi Dominicana | Vive la #UnderwaterRevolution\",\"breadcrumb\":{\"@id\":\"https:\\\/\\\/bonassi.do\\\/#breadcrumb\"},\"inLanguage\":\"en-US\",\"potentialAction\":[{\"@type\":\"ReadAction\",\"target\":[\"https:\\\/\\\/bonassi.do\\\/\"]}]},{\"@type\":\"ImageObject\",\"inLanguage\":\"en-US\",\"@id\":\"https:\\\/\\\/bonassi.do\\\/#primaryimage\",\"url\":\"https:\\\/\\\/bonassi.do\\\/wp-content\\\/uploads\\\/2022\\\/10\\\/cuadrito-para-google-bonassi.jpg\",\"contentUrl\":\"https:\\\/\\\/bonassi.do\\\/wp-content\\\/uploads\\\/2022\\\/10\\\/cuadrito-para-google-bonassi.jpg\",\"width\":900,\"height\":900,\"caption\":\"Bonassi DO\"},{\"@type\":\"BreadcrumbList\",\"@id\":\"https:\\\/\\\/bonassi.do\\\/#breadcrumb\",\"itemListElement\":[{\"@type\":\"ListItem\",\"position\":1,\"name\":\"Portada\",\"item\":\"https:\\\/\\\/bonassi.do\\\/\"},{\"@type\":\"ListItem\",\"position\":2,\"name\":\"Inicio Bonassi Dominicana\"}]},{\"@type\":\"WebSite\",\"@id\":\"https:\\\/\\\/bonassi.do\\\/#website\",\"url\":\"https:\\\/\\\/bonassi.do\\\/\",\"name\":\"Bonassi Dominicana\",\"description\":\"Bienvenidos a la #UnderwaterRevolution - Equipo de Buceo y Apnea.\",\"publisher\":{\"@id\":\"https:\\\/\\\/bonassi.do\\\/#organization\"},\"potentialAction\":[{\"@type\":\"SearchAction\",\"target\":{\"@type\":\"EntryPoint\",\"urlTemplate\":\"https:\\\/\\\/bonassi.do\\\/?s={search_term_string}\"},\"query-input\":{\"@type\":\"PropertyValueSpecification\",\"valueRequired\":true,\"valueName\":\"search_term_string\"}}],\"inLanguage\":\"en-US\"},{\"@type\":\"Organization\",\"@id\":\"https:\\\/\\\/bonassi.do\\\/#organization\",\"name\":\"Bonassi M\u00e9xico\",\"url\":\"https:\\\/\\\/bonassi.do\\\/\",\"logo\":{\"@type\":\"ImageObject\",\"inLanguage\":\"en-US\",\"@id\":\"https:\\\/\\\/bonassi.do\\\/#\\\/schema\\\/logo\\\/image\\\/\",\"url\":\"https:\\\/\\\/bonassi.do\\\/wp-content\\\/uploads\\\/2022\\\/06\\\/bonassi-logo-800x-buceo-y-apnea-100.jpg\",\"contentUrl\":\"https:\\\/\\\/bonassi.do\\\/wp-content\\\/uploads\\\/2022\\\/06\\\/bonassi-logo-800x-buceo-y-apnea-100.jpg\",\"width\":801,\"height\":801,\"caption\":\"Bonassi M\u00e9xico\"},\"image\":{\"@id\":\"https:\\\/\\\/bonassi.do\\\/#\\\/schema\\\/logo\\\/image\\\/\"},\"sameAs\":[\"https:\\\/\\\/www.facebook.com\\\/bonassiofficial\",\"https:\\\/\\\/www.instagram.com\\\/bonassi.official\\\/\",\"https:\\\/\\\/www.youtube.com\\\/channel\\\/UCLl9x2YXGdYMdxrkHoe2Igg\"]}]}<\/script>\n<!-- \/ Yoast SEO plugin. -->","yoast_head_json":{"title":"Equipo de Buceo, Apnea, Pesca Submarina y M\u00e1s | Bonassi DO","description":"Encuentra el equipo perfecto para tu pr\u00f3xima aventura y supera tus l\u00edmites con Bonassi Dominicana | Vive la #UnderwaterRevolution","robots":{"index":"index","follow":"follow","max-snippet":"max-snippet:-1","max-image-preview":"max-image-preview:large","max-video-preview":"max-video-preview:-1"},"canonical":"https:\/\/bonassi.do\/en\/","og_locale":"en_US","og_type":"article","og_title":"Equipo de Buceo, Apnea, Pesca Submarina y M\u00e1s | Bonassi DO","og_description":"Encuentra el equipo perfecto para tu pr\u00f3xima aventura y supera tus l\u00edmites con Bonassi Dominicana | Vive la #UnderwaterRevolution","og_url":"https:\/\/bonassi.do\/en\/","og_site_name":"Bonassi Dominicana","article_publisher":"https:\/\/www.facebook.com\/bonassiofficial","article_modified_time":"2025-12-01T22:52:41+00:00","og_image":[{"width":900,"height":900,"url":"https:\/\/bonassi.do\/wp-content\/uploads\/2022\/10\/cuadrito-para-google-bonassi.jpg","type":"image\/jpeg"}],"twitter_card":"summary_large_image","twitter_misc":{"Est. reading time":"3 minutes"},"schema":{"@context":"https:\/\/schema.org","@graph":[{"@type":"WebPage","@id":"https:\/\/bonassi.do\/","url":"https:\/\/bonassi.do\/","name":"Equipo de Buceo, Apnea, Pesca Submarina y M\u00e1s | Bonassi DO","isPartOf":{"@id":"https:\/\/bonassi.do\/#website"},"primaryImageOfPage":{"@id":"https:\/\/bonassi.do\/#primaryimage"},"image":{"@id":"https:\/\/bonassi.do\/#primaryimage"},"thumbnailUrl":"https:\/\/bonassi.do\/wp-content\/uploads\/2022\/10\/cuadrito-para-google-bonassi.jpg","datePublished":"2022-06-03T17:14:39+00:00","dateModified":"2025-12-01T22:52:41+00:00","description":"Encuentra el equipo perfecto para tu pr\u00f3xima aventura y supera tus l\u00edmites con Bonassi Dominicana | Vive la #UnderwaterRevolution","breadcrumb":{"@id":"https:\/\/bonassi.do\/#breadcrumb"},"inLanguage":"en-US","potentialAction":[{"@type":"ReadAction","target":["https:\/\/bonassi.do\/"]}]},{"@type":"ImageObject","inLanguage":"en-US","@id":"https:\/\/bonassi.do\/#primaryimage","url":"https:\/\/bonassi.do\/wp-content\/uploads\/2022\/10\/cuadrito-para-google-bonassi.jpg","contentUrl":"https:\/\/bonassi.do\/wp-content\/uploads\/2022\/10\/cuadrito-para-google-bonassi.jpg","width":900,"height":900,"caption":"Bonassi DO"},{"@type":"BreadcrumbList","@id":"https:\/\/bonassi.do\/#breadcrumb","itemListElement":[{"@type":"ListItem","position":1,"name":"Portada","item":"https:\/\/bonassi.do\/"},{"@type":"ListItem","position":2,"name":"Inicio Bonassi Dominicana"}]},{"@type":"WebSite","@id":"https:\/\/bonassi.do\/#website","url":"https:\/\/bonassi.do\/","name":"Bonassi Dominicana","description":"Bienvenidos a la #UnderwaterRevolution - Equipo de Buceo y Apnea.","publisher":{"@id":"https:\/\/bonassi.do\/#organization"},"potentialAction":[{"@type":"SearchAction","target":{"@type":"EntryPoint","urlTemplate":"https:\/\/bonassi.do\/?s={search_term_string}"},"query-input":{"@type":"PropertyValueSpecification","valueRequired":true,"valueName":"search_term_string"}}],"inLanguage":"en-US"},{"@type":"Organization","@id":"https:\/\/bonassi.do\/#organization","name":"Bonassi M\u00e9xico","url":"https:\/\/bonassi.do\/","logo":{"@type":"ImageObject","inLanguage":"en-US","@id":"https:\/\/bonassi.do\/#\/schema\/logo\/image\/","url":"https:\/\/bonassi.do\/wp-content\/uploads\/2022\/06\/bonassi-logo-800x-buceo-y-apnea-100.jpg","contentUrl":"https:\/\/bonassi.do\/wp-content\/uploads\/2022\/06\/bonassi-logo-800x-buceo-y-apnea-100.jpg","width":801,"height":801,"caption":"Bonassi M\u00e9xico"},"image":{"@id":"https:\/\/bonassi.do\/#\/schema\/logo\/image\/"},"sameAs":["https:\/\/www.facebook.com\/bonassiofficial","https:\/\/www.instagram.com\/bonassi.official\/","https:\/\/www.youtube.com\/channel\/UCLl9x2YXGdYMdxrkHoe2Igg"]}]}},"_links":{"self":[{"href":"https:\/\/bonassi.do\/en\/wp-json\/wp\/v2\/pages\/111","targetHints":{"allow":["GET"]}}],"collection":[{"href":"https:\/\/bonassi.do\/en\/wp-json\/wp\/v2\/pages"}],"about":[{"href":"https:\/\/bonassi.do\/en\/wp-json\/wp\/v2\/types\/page"}],"author":[{"embeddable":true,"href":"https:\/\/bonassi.do\/en\/wp-json\/wp\/v2\/users\/2"}],"replies":[{"embeddable":true,"href":"https:\/\/bonassi.do\/en\/wp-json\/wp\/v2\/comments?post=111"}],"version-history":[{"count":8,"href":"https:\/\/bonassi.do\/en\/wp-json\/wp\/v2\/pages\/111\/revisions"}],"predecessor-version":[{"id":7271,"href":"https:\/\/bonassi.do\/en\/wp-json\/wp\/v2\/pages\/111\/revisions\/7271"}],"wp:featuredmedia":[{"embeddable":true,"href":"https:\/\/bonassi.do\/en\/wp-json\/wp\/v2\/media\/6907"}],"wp:attachment":[{"href":"https:\/\/bonassi.do\/en\/wp-json\/wp\/v2\/media?parent=111"}],"curies":[{"name":"wp","href":"https:\/\/api.w.org\/{rel}","templated":true}]}}